{"id":19,"date":"2021-12-16T14:17:23","date_gmt":"2021-12-16T13:17:23","guid":{"rendered":"https:\/\/kfz-renner.com\/?page_id=19"},"modified":"2024-12-23T12:58:05","modified_gmt":"2024-12-23T11:58:05","slug":"willkommen","status":"publish","type":"page","link":"https:\/\/kfz-renner.com\/","title":{"rendered":"Willkommen bei KFZ Renner"},"content":{"rendered":"\n<div class=\"wp-block-columns is-layout-flex wp-container-3\">\n<div class=\"wp-block-column is-layout-flow\">\n<ul>\n<li>Reparaturen aller Fabrikate<\/li>\n\n\n\n<li>Wartungsdienst und Inspektionen<\/li>\n\n\n\n<li>Abgasuntersuchung (AU) f\u00fcr Otto <br> und&nbsp;Dieselfahrzeuge<\/li>\n\n\n\n<li>Klimaservice + Wartung<\/li>\n\n\n\n<li>Reparatur von Oldtimer<\/li>\n\n\n\n<li>HU Service durch DEKRA<\/li>\n\n\n\n<li>Reifenservice und Handel<\/li>\n\n\n\n<li>Zeitgem\u00e4\u00dfe Reparatur \u00e4lterer Fahrzeuge mit Gebrauchtteilen<\/li>\n<\/ul>\n<\/div>\n\n\n\n<div class=\"wp-block-column is-layout-flow\">\n<p class=\"has-black-color has-text-color\"><strong>\u00d6ffnungszeiten:<\/strong><\/p>\n\n\n\n<p class=\"has-black-color has-text-color\"><strong>Montag bis Donnerstag von 08:00 &#8211; 12:00 und 13:00-16:30 <br>Freitag 08:00 &#8211; 12:00 und 13:00 &#8211; 15:00<\/strong><\/p>\n<\/div>\n<\/div>\n\n\n\n<p><strong>Hauptuntersuchungen (T\u00dcV) werden jede Dienstag 10-13 Uhr durch die DEKRA durchgef\u00fchrt. <br>Wir bitten um vorherige Anmeldung unter 06201 32594.<\/strong><\/p>\n\n\n\n<p><\/p>\n","protected":false},"excerpt":{"rendered":"<p>\u00d6ffnungszeiten: Montag bis Donnerstag von 08:00 &#8211; 12:00 und 13:00-16:30 Freitag 08:00 &#8211; 12:00 und 13:00 &#8211; 15:00 Hauptuntersuchungen (T\u00dcV) werden jede Dienstag 10-13 Uhr durch die DEKRA durchgef\u00fchrt. Wir bitten um vorherige Anmeldung unter 06201 32594.<\/p>\n","protected":false},"author":1,"featured_media":0,"parent":0,"menu_order":0,"comment_status":"closed","ping_status":"closed","template":"","meta":[],"_links":{"self":[{"href":"https:\/\/kfz-renner.com\/index.php?rest_route=\/wp\/v2\/pages\/19"}],"collection":[{"href":"https:\/\/kfz-renner.com\/index.php?rest_route=\/wp\/v2\/pages"}],"about":[{"href":"https:\/\/kfz-renner.com\/index.php?rest_route=\/wp\/v2\/types\/page"}],"author":[{"embeddable":true,"href":"https:\/\/kfz-renner.com\/index.php?rest_route=\/wp\/v2\/users\/1"}],"replies":[{"embeddable":true,"href":"https:\/\/kfz-renner.com\/index.php?rest_route=%2Fwp%2Fv2%2Fcomments&post=19"}],"version-history":[{"count":17,"href":"https:\/\/kfz-renner.com\/index.php?rest_route=\/wp\/v2\/pages\/19\/revisions"}],"predecessor-version":[{"id":52,"href":"https:\/\/kfz-renner.com\/index.php?rest_route=\/wp\/v2\/pages\/19\/revisions\/52"}],"wp:attachment":[{"href":"https:\/\/kfz-renner.com\/index.php?rest_route=%2Fwp%2Fv2%2Fmedia&parent=19"}],"curies":[{"name":"wp","href":"https:\/\/api.w.org\/{rel}","templated":true}]}}