{"id":39,"date":"2023-09-19T08:10:46","date_gmt":"2023-09-19T06:10:46","guid":{"rendered":"https:\/\/kfz-renner.com\/?page_id=39"},"modified":"2024-09-09T09:35:26","modified_gmt":"2024-09-09T07:35:26","slug":"impressum","status":"publish","type":"page","link":"https:\/\/kfz-renner.com\/?page_id=39","title":{"rendered":"Impressum"},"content":{"rendered":"\n<figure class=\"wp-block-table\"><table><tbody><tr><th class=\"has-text-align-left\" data-align=\"left\">Angaben nach \u00a76 <a rel=\"noreferrer noopener\" href=\"http:\/\/bundesrecht.juris.de\/bundesrecht\/tdg\/gesamt.pdf\" target=\"_blank\">Teledienstgesetz (TDG)<\/a><\/th><\/tr><tr><td class=\"has-text-align-left\" data-align=\"left\"><strong>Kfz-Renner GmbH<\/strong><br><br>Egerring 2<br>69488 Birkenau<br>Telefon: +49 6201 32594<br>Telefax: +49 6201 34431<br>Homepage: www.kfz-renner.com<br>Handelsregister: HRB 87425<br>Umsatzsteuer-Identifikationsnummer gem\u00e4\u00df \u00a727a Umsatzsteuergesetz: DE262663326<br>\u00a0<br>Angaben nach dem Staatsvertrag \u00fcber Mediendienste (MDStV)<br>Inhaltlich Verantwortlicher gem\u00e4\u00df \u00a7 6 Abs. 2 MDStV: Peter Renner<br>Beauftragter f\u00fcr Jugendschutz gem\u00e4\u00df \u00a7 8 Abs. 4 MDStV: Peter Renner<br><br>Haftung f\u00fcr Links<br>Am 12. Mai 1998 hat das Landgericht Hamburg entschieden, dass man durch die Anbringung eines Links die Inhalte der gelinkten Seite eventuell mit zu verantworten hat. (<a rel=\"noreferrer noopener\" href=\"http:\/\/www.braunschweig.ihk.de\/lire.htm\" target=\"_blank\">LG Hamburg 312 O 85\/98 &#8211; Haftung f\u00fcr Links<\/a>)<br>Trotz sorgf\u00e4ltiger inhaltlicher Kontrolle bei der Einrichtung externer Links ist eine st\u00e4ndige umfassende weitere Kontrolle auf ver\u00e4nderte Inhalte nicht m\u00f6glich. Da die Fa. Kfz-Renner GmbH keinen Einfluss auf die Inhalte der verlinkten Seiten hat, distanziert sich die Fa. Kfz-Renner GmbH ausdr\u00fccklich von diesen Inhalten, macht sich diese Inhalte nicht zu eigen und kann keine Haftung daf\u00fcr \u00fcbernehmen. Das Folgen von Links zu anderen Seiten au\u00dferhalb dieser Website, geschieht auf eigene Gefahr und Verantwortung. F\u00fcr den Inhalt der verlinkten Seiten sind ausschlie\u00dflich deren Betreiber verantwortlich.<br>\u00a0<br>\u00a0<br>Des Weiteren \u00fcbernimmt die Fa. Kfz-Renner GmbH keine Haftung f\u00fcr die Richtigkeit, Wahrheit und Aktualit\u00e4t des verlinkten Text- und Bildmaterials, sowie f\u00fcr Sch\u00e4den, die durch das Herunterladen, Installieren oder Verwenden der verlinkten Informationen und Software entstehen.<br><br>Copyright<br>F\u00fcr alle Seiten dieser Website liegt das Copyright bei der Fa. Kfz-Renner GmbH <em>oder<\/em> es liegt die ausdr\u00fcckliche Zustimmung des Copyright-Inhabers vor <em>oder<\/em> dieser war trotz aller Bem\u00fchungen nicht auffindbar. Berechtigten Copyrightanspr\u00fcchen wird sofort entsprochen. Texte und Bilder d\u00fcrfen nicht ohne ausdr\u00fcckliche Zustimmung der Fa. Kfz-Renner GmbH oder des jeweiligen Copyright-Inhabers genutzt und\/oder weiterverwendet werden.<br>Zitate in \u00fcblicher Form sind zul\u00e4ssig.<br>Links auf diese Website sind erw\u00fcnsch<strong><br><\/strong><\/td><\/tr><\/tbody><\/table><\/figure>\n","protected":false},"excerpt":{"rendered":"<p>Angaben nach \u00a76 Teledienstgesetz (TDG) Kfz-Renner GmbH Egerring 269488 BirkenauTelefon: +49 6201 32594Telefax: +49 6201 34431Homepage: www.kfz-renner.comHandelsregister: HRB 87425Umsatzsteuer-Identifikationsnummer gem\u00e4\u00df \u00a727a Umsatzsteuergesetz: DE262663326\u00a0Angaben nach dem Staatsvertrag \u00fcber Mediendienste (MDStV)Inhaltlich Verantwortlicher gem\u00e4\u00df \u00a7 6 Abs. 2 MDStV: Peter RennerBeauftragter f\u00fcr Jugendschutz gem\u00e4\u00df \u00a7 8 Abs. 4 MDStV: Peter Renner Haftung f\u00fcr LinksAm 12. Mai 1998 hat das Landgericht Hamburg entschieden, dass [&hellip;]<\/p>\n","protected":false},"author":1,"featured_media":0,"parent":0,"menu_order":0,"comment_status":"closed","ping_status":"closed","template":"","meta":[],"_links":{"self":[{"href":"https:\/\/kfz-renner.com\/index.php?rest_route=\/wp\/v2\/pages\/39"}],"collection":[{"href":"https:\/\/kfz-renner.com\/index.php?rest_route=\/wp\/v2\/pages"}],"about":[{"href":"https:\/\/kfz-renner.com\/index.php?rest_route=\/wp\/v2\/types\/page"}],"author":[{"embeddable":true,"href":"https:\/\/kfz-renner.com\/index.php?rest_route=\/wp\/v2\/users\/1"}],"replies":[{"embeddable":true,"href":"https:\/\/kfz-renner.com\/index.php?rest_route=%2Fwp%2Fv2%2Fcomments&post=39"}],"version-history":[{"count":2,"href":"https:\/\/kfz-renner.com\/index.php?rest_route=\/wp\/v2\/pages\/39\/revisions"}],"predecessor-version":[{"id":48,"href":"https:\/\/kfz-renner.com\/index.php?rest_route=\/wp\/v2\/pages\/39\/revisions\/48"}],"wp:attachment":[{"href":"https:\/\/kfz-renner.com\/index.php?rest_route=%2Fwp%2Fv2%2Fmedia&parent=39"}],"curies":[{"name":"wp","href":"https:\/\/api.w.org\/{rel}","templated":true}]}}